{"id":468,"date":"2017-07-15T21:25:20","date_gmt":"2017-07-15T19:25:20","guid":{"rendered":"http:\/\/ekelin.net\/svante\/?page_id=468"},"modified":"2019-12-21T18:55:40","modified_gmt":"2019-12-21T17:55:40","slug":"handel","status":"publish","type":"page","link":"https:\/\/ekelin.net\/svante\/handel\/","title":{"rendered":"handel"},"content":{"rendered":"<p>Sedan h\u00f6sten 2011 \u00e4gnar jag mig p\u00e5 heltid \u00e5t v\u00e5rt familjef\u00f6retag <a href=\"http:\/\/www.humle.se\">Humleg\u00e5rdens Ekolager<\/a>.<br \/>Vi f\u00f6rser mikrobryggerierna och de avancerade hembryggarna med malt, humle, j\u00e4st och utrustning f\u00f6r att brygga de b\u00e4sta \u00f6l som g\u00e5r att brygga.<\/p>\n<p>Vi startade verksamheten 1992 n\u00e4r vi s\u00e5g att behovet fanns av r\u00e5varor f\u00f6r sm\u00e5skalig \u00f6lbryggning av kvalitets\u00f6l. I m\u00e5nga \u00e5r d\u00e4refter sk\u00f6tte Eva allt det l\u00f6pande i f\u00f6retaget medan jag gjorde punktinsatser p\u00e5 kv\u00e4llar och helger f\u00f6r att utveckla verksamheten. Omfattningen v\u00e4xte sakta men s\u00e4kert, och till slut blev det s\u00e5 stort att jag s\u00e5g att jag beh\u00f6vdes p\u00e5 heltid i bolaget. Jag gick in som vd i\u00a0september 2011, n\u00e4r vi hade 5 heltidsanst\u00e4llda. Sedan dess har vi fortsatt att v\u00e4xa och vi \u00e4r nu (2019) \u00f6ver 30.<\/p>\n<p>N\u00e5gra artiklar om oss:<\/p>\n<p style=\"padding-left: 40px;\"><a style=\"font-size: 1rem;\" href=\"http:\/\/www.food-supply.se\/article\/view\/224832\/mannen_bakom_det_svenska_bryggeriundret\">Food Supply okt 2015<\/a><\/p>\n<p style=\"padding-left: 40px;\"><a href=\"http:\/\/www.dn.se\/arkiv\/mat\/ravaruleverantor-ar-arets-olperson\/\">DN nov 2015<\/a><\/p>\n<p style=\"padding-left: 40px;\"><a href=\"http:\/\/www.di.se\/artiklar\/2016\/1\/19\/hittade-affarsiden-i-kallaren\/\">Dagens Industri jan 2016<\/a><\/p>\n<p style=\"padding-left: 40px;\"><a href=\"https:\/\/cohops.se\/svante-ekelin\/\">c\/o HOPS jan 2016<\/a><\/p>\n<p style=\"padding-left: 40px;\"><a href=\"https:\/\/www.beernews.se\/articles\/lucka-14-svante-fick-fart-pa-hembryggning\/\">Beernews dec 2019<\/a><\/p>\n<p>N\u00e5gra utm\u00e4rkelser:<\/p>\n<p style=\"padding-left: 40px;\">\u00c5rets \u00d6lperson 2015<\/p>\n<p style=\"padding-left: 40px;\">Di Gasell 2015<\/p>\n<p style=\"padding-left: 40px;\">Di Gasell 2016<\/p>\n<p style=\"padding-left: 40px;\">Di Gasell 2017<\/p>\n<p style=\"padding-left: 40px;\">Di Gasell 2018<\/p>\n<p style=\"padding-left: 40px;\">VA Superf\u00f6retag 2016<\/p>\n<p style=\"padding-left: 40px;\">VA Superf\u00f6retag 2017<\/p>\n<p style=\"padding-left: 40px;\">Di M\u00e4stargasell 2019<\/p>\n<p style=\"padding-left: 40px;\">\u00c5rets F\u00f6retagare i Sollentuna 2019<\/p>\n\n\n<p><\/p>\n","protected":false},"excerpt":{"rendered":"<p>Sedan h\u00f6sten 2011 \u00e4gnar jag mig p\u00e5 heltid \u00e5t v\u00e5rt familjef\u00f6retag Humleg\u00e5rdens Ekolager.Vi f\u00f6rser mikrobryggerierna och de avancerade hembryggarna med malt, humle, j\u00e4st och utrustning f\u00f6r att brygga de b\u00e4sta \u00f6l som g\u00e5r att brygga. Vi startade verksamheten 1992 n\u00e4r vi s\u00e5g att behovet fanns av r\u00e5varor f\u00f6r sm\u00e5skalig \u00f6lbryggning av kvalitets\u00f6l. I m\u00e5nga \u00e5r [&hellip;]<\/p>\n","protected":false},"author":2,"featured_media":0,"parent":0,"menu_order":70,"comment_status":"closed","ping_status":"closed","template":"","meta":{"footnotes":""},"class_list":["post-468","page","type-page","status-publish","hentry"],"_links":{"self":[{"href":"https:\/\/ekelin.net\/svante\/wp-json\/wp\/v2\/pages\/468","targetHints":{"allow":["GET"]}}],"collection":[{"href":"https:\/\/ekelin.net\/svante\/wp-json\/wp\/v2\/pages"}],"about":[{"href":"https:\/\/ekelin.net\/svante\/wp-json\/wp\/v2\/types\/page"}],"author":[{"embeddable":true,"href":"https:\/\/ekelin.net\/svante\/wp-json\/wp\/v2\/users\/2"}],"replies":[{"embeddable":true,"href":"https:\/\/ekelin.net\/svante\/wp-json\/wp\/v2\/comments?post=468"}],"version-history":[{"count":21,"href":"https:\/\/ekelin.net\/svante\/wp-json\/wp\/v2\/pages\/468\/revisions"}],"predecessor-version":[{"id":516,"href":"https:\/\/ekelin.net\/svante\/wp-json\/wp\/v2\/pages\/468\/revisions\/516"}],"wp:attachment":[{"href":"https:\/\/ekelin.net\/svante\/wp-json\/wp\/v2\/media?parent=468"}],"curies":[{"name":"wp","href":"https:\/\/api.w.org\/{rel}","templated":true}]}}