{"id":17,"date":"2006-01-24T03:04:08","date_gmt":"2006-01-24T02:04:08","guid":{"rendered":"http:\/\/ekelin.net\/svante\/undervisning\/"},"modified":"2006-01-24T03:04:08","modified_gmt":"2006-01-24T02:04:08","slug":"undervisning","status":"publish","type":"page","link":"https:\/\/ekelin.net\/svante\/undervisning\/","title":{"rendered":"undervisning"},"content":{"rendered":"<p>Innan jag b\u00f6rjade p\u00e5 Ericsson 1999 var jag under elva \u00e5r universitetslektor i matematik p\u00e5 KTH. Under denna tid f\u00f6rel\u00e4ste jag och bedrev lektionsundervisning i ett stort antal kurser i matematik, och \u00e4ven matematisk statistik, p\u00e5 i stort sett alla civilingenj\u00f6rsprogram (Teknisk Fysik, Elektro, Farkost, Maskin, V\u00e4g- och Vatten, Kemi, Bergs, Lantm\u00e4teri). Alla program som fanns p\u00e5 den tiden, s\u00e5n\u00e4r som p\u00e5 Arkitektur och Industriell Ekonomi, s\u00e5vitt jag minns.<\/p>\n<p>Dessf\u00f6rinnan, under tiden som doktorand, betade jag som l\u00e4rare av i stort sett alla kurser som gavs vid institutionen f\u00f6r teoretisk fysik. Och \u00e4nnu tidigare, som teknolog p\u00e5 Teknisk Fysik vid KTH, undervisade jag p\u00e5 ett stort antal kurser i matematik och fysik som \u00f6vnings- och labassistent, och \u00e4ven en hel del som vikarie p\u00e5 gymnasieskolor.<\/p>\n<p>Jag har alltid gillat att undervisa, men jag m\u00e5ste erk\u00e4nna att det var en sk\u00f6n k\u00e4nsla d\u00e5 jag som nyanst\u00e4lld p\u00e5 Ericsson kunde v\u00e4xla \u00f6ver till att p\u00e5 allehanda kurser vara mottagare av undervisning n\u00e4r jag skulle s\u00e4tta mig in i nya teknikomr\u00e5den.<\/p>\n","protected":false},"excerpt":{"rendered":"<p>Innan jag b\u00f6rjade p\u00e5 Ericsson 1999 var jag under elva \u00e5r universitetslektor i matematik p\u00e5 KTH. Under denna tid f\u00f6rel\u00e4ste jag och bedrev lektionsundervisning i ett stort antal kurser i matematik, och \u00e4ven matematisk statistik, p\u00e5 i stort sett alla civilingenj\u00f6rsprogram (Teknisk Fysik, Elektro, Farkost, Maskin, V\u00e4g- och Vatten, Kemi, Bergs, Lantm\u00e4teri). Alla program som [&hellip;]<\/p>\n","protected":false},"author":1,"featured_media":0,"parent":0,"menu_order":0,"comment_status":"closed","ping_status":"open","template":"","meta":{"footnotes":""},"class_list":["post-17","page","type-page","status-publish","hentry"],"_links":{"self":[{"href":"https:\/\/ekelin.net\/svante\/wp-json\/wp\/v2\/pages\/17","targetHints":{"allow":["GET"]}}],"collection":[{"href":"https:\/\/ekelin.net\/svante\/wp-json\/wp\/v2\/pages"}],"about":[{"href":"https:\/\/ekelin.net\/svante\/wp-json\/wp\/v2\/types\/page"}],"author":[{"embeddable":true,"href":"https:\/\/ekelin.net\/svante\/wp-json\/wp\/v2\/users\/1"}],"replies":[{"embeddable":true,"href":"https:\/\/ekelin.net\/svante\/wp-json\/wp\/v2\/comments?post=17"}],"version-history":[{"count":0,"href":"https:\/\/ekelin.net\/svante\/wp-json\/wp\/v2\/pages\/17\/revisions"}],"wp:attachment":[{"href":"https:\/\/ekelin.net\/svante\/wp-json\/wp\/v2\/media?parent=17"}],"curies":[{"name":"wp","href":"https:\/\/api.w.org\/{rel}","templated":true}]}}