{"id":14,"date":"2006-01-17T23:22:45","date_gmt":"2006-01-17T22:22:45","guid":{"rendered":"http:\/\/ekelin.net\/svante\/forskning\/"},"modified":"2014-11-02T19:33:44","modified_gmt":"2014-11-02T18:33:44","slug":"forskning","status":"publish","type":"page","link":"https:\/\/ekelin.net\/svante\/forskning\/","title":{"rendered":"forskning"},"content":{"rendered":"<p>Jag har engagerat mig i forskning, s\u00e5v\u00e4l grundforskning (inom fysik) som till\u00e4mpad forskning (inom\u00a0informations- och kommunikationsteknlogi, ICT).<\/p>\n<ul>\n<li><a href=\"http:\/\/ekelin.net\/svante\/forskning\/fysik\/\">fysik<\/a><\/li>\n<li><a href=\"http:\/\/ekelin.net\/svante\/forskning\/ict\/\">ICT<\/a><\/li>\n<\/ul>\n","protected":false},"excerpt":{"rendered":"<p>Jag har engagerat mig i forskning, s\u00e5v\u00e4l grundforskning (inom fysik) som till\u00e4mpad forskning (inom\u00a0informations- och kommunikationsteknlogi, ICT). fysik ICT<\/p>\n","protected":false},"author":1,"featured_media":0,"parent":0,"menu_order":0,"comment_status":"closed","ping_status":"open","template":"","meta":{"footnotes":""},"class_list":["post-14","page","type-page","status-publish","hentry"],"_links":{"self":[{"href":"https:\/\/ekelin.net\/svante\/wp-json\/wp\/v2\/pages\/14","targetHints":{"allow":["GET"]}}],"collection":[{"href":"https:\/\/ekelin.net\/svante\/wp-json\/wp\/v2\/pages"}],"about":[{"href":"https:\/\/ekelin.net\/svante\/wp-json\/wp\/v2\/types\/page"}],"author":[{"embeddable":true,"href":"https:\/\/ekelin.net\/svante\/wp-json\/wp\/v2\/users\/1"}],"replies":[{"embeddable":true,"href":"https:\/\/ekelin.net\/svante\/wp-json\/wp\/v2\/comments?post=14"}],"version-history":[{"count":5,"href":"https:\/\/ekelin.net\/svante\/wp-json\/wp\/v2\/pages\/14\/revisions"}],"predecessor-version":[{"id":309,"href":"https:\/\/ekelin.net\/svante\/wp-json\/wp\/v2\/pages\/14\/revisions\/309"}],"wp:attachment":[{"href":"https:\/\/ekelin.net\/svante\/wp-json\/wp\/v2\/media?parent=14"}],"curies":[{"name":"wp","href":"https:\/\/api.w.org\/{rel}","templated":true}]}}